{"id":1419,"date":"2023-11-27T12:20:53","date_gmt":"2023-11-27T11:20:53","guid":{"rendered":"https:\/\/rollsportjugend.de\/www\/wordpress\/?page_id=1419"},"modified":"2023-11-27T12:27:59","modified_gmt":"2023-11-27T11:27:59","slug":"datenschutz","status":"publish","type":"page","link":"https:\/\/rollsportjugend.de\/www\/wordpress\/datenschutz\/","title":{"rendered":"Datenschutz"},"content":{"rendered":"\t\t<div data-elementor-type=\"wp-page\" data-elementor-id=\"1419\" class=\"elementor elementor-1419\" data-elementor-post-type=\"page\">\n\t\t\t\t<div class=\"elementor-element elementor-element-ab0b658 e-flex e-con-boxed e-con e-parent\" data-id=\"ab0b658\" data-element_type=\"container\" data-e-type=\"container\" data-settings=\"{&quot;background_background&quot;:&quot;classic&quot;}\">\n\t\t\t\t\t<div class=\"e-con-inner\">\n\t\t\t\t<div class=\"elementor-element elementor-element-519f5bf elementor-widget elementor-widget-spacer\" data-id=\"519f5bf\" data-element_type=\"widget\" data-e-type=\"widget\" data-widget_type=\"spacer.default\">\n\t\t\t\t<div class=\"elementor-widget-container\">\n\t\t\t\t\t\t\t<div class=\"elementor-spacer\">\n\t\t\t<div class=\"elementor-spacer-inner\"><\/div>\n\t\t<\/div>\n\t\t\t\t\t\t<\/div>\n\t\t\t\t<\/div>\n\t\t\t\t<div class=\"elementor-element elementor-element-c647f4a elementor-widget elementor-widget-heading\" data-id=\"c647f4a\" data-element_type=\"widget\" data-e-type=\"widget\" data-widget_type=\"heading.default\">\n\t\t\t\t<div class=\"elementor-widget-container\">\n\t\t\t\t\t<h2 class=\"elementor-heading-title elementor-size-default\">Datenschutz\n<\/h2>\t\t\t\t<\/div>\n\t\t\t\t<\/div>\n\t\t\t\t<div class=\"elementor-element elementor-element-cd9a51d elementor-widget elementor-widget-spacer\" data-id=\"cd9a51d\" data-element_type=\"widget\" data-e-type=\"widget\" data-widget_type=\"spacer.default\">\n\t\t\t\t<div class=\"elementor-widget-container\">\n\t\t\t\t\t\t\t<div class=\"elementor-spacer\">\n\t\t\t<div class=\"elementor-spacer-inner\"><\/div>\n\t\t<\/div>\n\t\t\t\t\t\t<\/div>\n\t\t\t\t<\/div>\n\t\t\t\t<div class=\"elementor-element elementor-element-50bb66f elementor-widget elementor-widget-text-editor\" data-id=\"50bb66f\" data-element_type=\"widget\" data-e-type=\"widget\" data-widget_type=\"text-editor.default\">\n\t\t\t\t<div class=\"elementor-widget-container\">\n\t\t\t\t\t\t\t\t\t<p><\/p>\n<p>Nachfolgend informieren wir Sie \u00fcber die Verarbeitung Ihrer personenbezogenen Daten im Rahmen der Nutzung unseres Online-Angebots.<\/p>\n<h3 class=\"wp-block-heading\"><strong>Verantwortlicher<\/strong><\/h3>\n<p>Deutscher Rollsport und Inline-Verband e.V.<br \/>Otto-Fleck-Schneise 10a<br \/>60528 Frankfurt am Main<br \/>Tel. 069-977 617 37<br \/>Fax 069-977 617 38<br \/>Mail: <a href=\"mailto:info@driv.de\">info@driv.de<\/a><\/p>\n<p>\u00a0<\/p>\n<p><strong>Ansprechpartner f\u00fcr den Datenschutz<\/strong><\/p>\n<h3><strong>Ansprechpartner f\u00fcr den Datenschutz<\/strong><\/h3>\n<p>Bei Fragen zum Datenschutz wenden Sie sich bitte an:<\/p>\n<p>Herr Christian Volkmer<\/p>\n<p>Projekt 29 GmbH &amp; Co. KG<br \/>Ostengasse 14<br \/>93047 Regensburg<br \/>Tel. 0941-298 693 0<br \/>Fax 0941-298 693 16<br \/>Mail:\u00a0<a href=\"mailto:anfrage@projekt29.de\">anfrage@projekt29.de<\/a><br \/>Web:\u00a0<a href=\"http:\/\/www.projekt29.de\/\">www.projekt29.de<\/a><\/p>\n<h3><strong>Speicherdauer<\/strong><\/h3>\n<p>Wir l\u00f6schen Ihre personenbezogenen Daten grunds\u00e4tzlich dann, wenn diese f\u00fcr die Zwecke, f\u00fcr die sie erhoben oder auf sonstige Weise verarbeitet wurden, nicht mehr notwendig sind.<\/p>\n<p>Falls wir Sie um Ihre Einwilligung gebeten und Sie diese erteilt haben, l\u00f6schen wir Ihre personenbezogenen Daten, wenn Sie Ihre Einwilligung widerrufen und es an einer anderweitigen Rechtsgrundlage f\u00fcr die Verarbeitung fehlt.<\/p>\n<p>Wir l\u00f6schen Ihre personenbezogenen Daten, wenn Sie Widerspruch gegen die Verarbeitung einlegen und keine vorrangigen berechtigten Gr\u00fcnde f\u00fcr die Verarbeitung vorliegen oder Sie Widerspruch gegen die Verarbeitung zum Zwecke der Direktwerbung oder eines damit in Verbindung stehenden Profiling einlegen.<\/p>\n<p>Ist eine L\u00f6schung nicht m\u00f6glich, weil eine Verarbeitung noch zur Erf\u00fcllung einer rechtlichen Verpflichtung (gesetzliche Aufbewahrungsfristen etc.), der wir unterliegen, oder zur Geltendmachung, Aus\u00fcbung oder Verteidigung von Rechtsanspr\u00fcchen erforderlich ist, schr\u00e4nken wir die Verarbeitung Ihrer personenbezogenen Daten ein.<\/p>\n<p>Weitere Informationen zur Speicherdauer finden Sie auch in den nachfolgenden Passagen.<\/p>\n<h3><strong>Ihre Rechte<\/strong><\/h3>\n<p>Sie haben uns gegen\u00fcber folgende Rechte hinsichtlich Ihrer personenbezogenen Daten:<br \/>\u2013 Recht auf Auskunft<br \/>\u2013 Recht auf Berichtigung<br \/>\u2013 Recht auf L\u00f6schung<br \/>\u2013 Recht auf Einschr\u00e4nkung der Verarbeitung<br \/>\u2013 Recht auf Widerspruch gegen die Verarbeitung<br \/>\u2013 Recht auf Daten\u00fcbertragbarkeit<\/p>\n<p><strong>Sie haben das Recht, aus Gr\u00fcnden, die sich aus Ihrer besonderen Situation ergeben, jederzeit gegen die Verarbeitung Ihrer personenbezogenen Daten, die aufgrund von Artikel 6 Abs. 1 lit. e oder f DS-GVO erfolgt, Widerspruch einzulegen; dies gilt auch f\u00fcr ein auf diese Bestimmungen gest\u00fctztes Profiling. Wir verarbeiten Ihre personenbezogenen Daten dann nicht mehr, es sei denn, wir k\u00f6nnen zwingende schutzw\u00fcrdige Gr\u00fcnde f\u00fcr die Verarbeitung nachweisen, die Ihre Interessen, Rechte und Freiheiten \u00fcberwiegen, oder die Verarbeitung dient der Geltendmachung, Aus\u00fcbung oder Verteidigung von Rechtsanspr\u00fcchen.<br \/>Falls wir Ihre personenbezogenen Daten verarbeiten, um Direktwerbung zu betreiben, haben Sie das Recht, jederzeit Widerspruch gegen die Verarbeitung Ihrer personenbezogenen Daten zum Zwecke derartiger Werbung einzulegen; dies gilt auch f\u00fcr das Profiling, soweit es mit solcher Direktwerbung in Verbindung steht. Wir werden Ihre personenbezogenen Daten dann nicht mehr f\u00fcr diese Zwecke verarbeiten.<\/strong><\/p>\n<p>Sie haben das Recht, eine Einwilligung zur Verarbeitung Ihrer personenbezogenen Daten jederzeit zu widerrufen, falls Sie uns eine solche Einwilligung erteilt haben. Durch den Widerruf der Einwilligung wird die Rechtm\u00e4\u00dfigkeit der aufgrund der Einwilligung bis zum Widerruf erfolgten Verarbeitung nicht ber\u00fchrt.<\/p>\n<p>Sie haben das Recht, sich bei einer Aufsichtsbeh\u00f6rde \u00fcber die Verarbeitung Ihrer personenbezogenen Daten durch uns zu beschweren.<\/p>\n<h3><strong>Bereitstellung Ihrer personenbezogenen Daten<\/strong><\/h3>\n<p>Die Bereitstellung Ihrer personenbezogenen Daten ist grunds\u00e4tzlich weder gesetzlich noch vertraglich vorgeschrieben und nicht f\u00fcr einen Vertragsabschluss erforderlich. Sie sind grunds\u00e4tzlich nicht verpflichtet, Ihre personenbezogenen Daten bereitzustellen. Soweit dies dennoch einmal der Fall sein sollte, weisen wir Sie bei Erhebung Ihrer personenbezogenen Daten gesondert darauf hin (beispielsweise durch Kennzeichnung der Pflichtfelder bei Eingabeformularen).<\/p>\n<p>Die Nichtbereitstellung Ihrer personenbezogenen Daten hat regelm\u00e4\u00dfig zur Folge, dass wir Ihre personenbezogenen Daten nicht f\u00fcr einen der nachfolgend beschriebenen Zwecke verarbeiten und Sie ein mit der jeweiligen Verarbeitung zusammenh\u00e4ngendes Angebot nicht wahrnehmen k\u00f6nnen (Beispiel: Ohne Bereitstellung Ihrer E-Mail-Adresse erhalten Sie unseren Newsletter nicht).<\/p>\n<h3><strong>Webhosting<\/strong><\/h3>\n<p>Zum Webhosting setzen wir externe Dienste ein. Diese Dienste k\u00f6nnen Zugriff auf personenbezogene Daten haben, die im Rahmen der Nutzung unseres Online-Angebots verarbeitet werden.<\/p>\n<h3><strong>Webserver-Logfiles<\/strong><\/h3>\n<p>Wir verarbeiten Ihre personenbezogenen Daten, um Ihnen unser Online-Angebot anzeigen zu k\u00f6nnen und die Stabilit\u00e4t und Sicherheit unseres Online-Angebots zu gew\u00e4hrleisten. Dabei werden Informationen (beispielsweise angefragtes Element, aufgerufene URL, Betriebssystem, Datum und Uhrzeit der Anfrage, Browsertyp und die verwendete Version, IP-Adresse, verwendetes Protokoll, \u00fcbertragene Datenmenge, User Agent, Referrer URL, Zeitzonendifferenz zur Greenwich Mean Time (GMT) und\/oder HTTP-Statuscode) in sogenannten Logfiles (Access-Log, Error-Log etc.) gespeichert.<\/p>\n<p>Falls wir Sie um Ihre Einwilligung gebeten und Sie diese erteilt haben, ist die Rechtsgrundlage f\u00fcr die Verarbeitung Art. 6 Abs. 1 lit. a DS-GVO. Falls wir Sie nicht um Ihre Einwilligung gebeten haben, ist die Rechtsgrundlage f\u00fcr die Verarbeitung Art. 6 Abs. 1 lit. f DS-GVO. Unser berechtigtes Interesse ist dabei die ordnungsgem\u00e4\u00dfe Anzeige unseres Online-Angebots und die Gew\u00e4hrleistung der Stabilit\u00e4t und Sicherheit unseres Online-Angebots.<\/p>\n<h3><strong>Sicherheit<\/strong><\/h3>\n<p>Aus Sicherheitsgr\u00fcnden und zum Schutz der \u00dcbertragung Ihrer personenbezogenen Daten und anderer vertraulicher Inhalte setzen wir auf unserer Domain eine Verschl\u00fcsselung ein. Dies k\u00f6nnen Sie in der Browserzeile an der Zeichenfolge \u201ehttps:\/\/\u201c und dem Schloss-Symbol erkennen.<\/p>\n<h3><strong>Kontaktaufnahme<\/strong><\/h3>\n<p>Falls Sie mit uns Kontakt aufnehmen, verarbeiten wir Ihre personenbezogenen Daten, um Ihre Kontaktaufnahme zu bearbeiten.<\/p>\n<p>Falls wir Sie um Ihre Einwilligung gebeten und Sie diese erteilt haben, ist die Rechtsgrundlage f\u00fcr die Verarbeitung Art. 6 Abs. 1 lit. a DS-GVO. Falls wir Sie nicht um Ihre Einwilligung gebeten haben, ist die Rechtsgrundlage f\u00fcr die Verarbeitung Art. 6 Abs. 1 lit. f DS-GVO. Unser berechtigtes Interesse ist dabei die Bearbeitung Ihrer Kontaktaufnahme. Falls die Verarbeitung zur Erf\u00fcllung eines Vertrags mit Ihnen oder zur Durchf\u00fchrung vorvertraglicher Ma\u00dfnahmen aufgrund Ihrer Anfrage erforderlich ist, ist die Rechtsgrundlage f\u00fcr die Verarbeitung zudem Art. 6 Abs. 1 lit. b DS-GVO.<\/p>\n<h3><strong>Social-Media-Inhalte\/Plugins<\/strong><\/h3>\n<p>Wir nutzen Social-Media-Inhalte\/Plugins von externen Diensten, um Ihnen Inhalte und Funktionen der externen Dienste anzeigen zu k\u00f6nnen und damit unser Online-Angebot und unser Marketing zu optimieren.<\/p>\n<p>Falls wir Sie um Ihre Einwilligung gebeten und Sie diese erteilt haben, ist die Rechtsgrundlage f\u00fcr die Verarbeitung Art. 6 Abs. 1 lit. a DS-GVO. Falls wir Sie nicht um Ihre Einwilligung gebeten haben, ist die Rechtsgrundlage f\u00fcr die Verarbeitung Art. 6 Abs. 1 lit. f DS-GVO. Unser berechtigtes Interesse ist dabei die Optimierung unseres Online-Angebots und unseres Marketings.<\/p>\n<p>Im Rahmen der Nutzung der externen Dienste kann es auch zum Profiling (zu Zwecken der Werbung, personalisierten Information etc.) kommen. Das Profiling kann auch dienst- und ger\u00e4te\u00fcbergreifend erfolgen. Weitere Informationen zu den eingesetzten Diensten, zum Umfang der Datenverarbeitung und zu den Technologien und Verfahren beim Einsatz der jeweiligen Dienste sowie dazu, ob beim Einsatz der jeweiligen Dienste Profiling stattfindet, und ggf. Informationen \u00fcber die involvierte Logik sowie die Tragweite und die angestrebten Auswirkungen einer derartigen Verarbeitung f\u00fcr Sie finden Sie in den weiterf\u00fchrenden Informationen \u00fcber die von uns eingesetzten Dienste am Ende dieser Passage und unter den dort bereitgestellten Links.<\/p>\n<h3><strong>Bewerbungen<\/strong><\/h3>\n<p>Falls Sie sich bei uns bewerben, verarbeiten wir Ihre personenbezogenen Daten, um das Bewerbungsverfahren durchzuf\u00fchren und eine Entscheidung \u00fcber die Begr\u00fcndung eines Besch\u00e4ftigungsverh\u00e4ltnisses zu treffen. Nach Beendigung des Bewerbungsverfahrens schr\u00e4nken wir die Verarbeitung Ihrer personenbezogenen Daten ein und l\u00f6schen bzw. vernichten diese sp\u00e4testens 6 Monate nach Zugang der Ablehnung bei Ihnen bzw. geben Ihnen die Bewerbungsunterlagen zur\u00fcck und l\u00f6schen bzw. vernichten etwaige Kopien, sofern Sie nicht eingewilligt haben, dass wir Ihre personenbezogenen Daten weiter nutzen d\u00fcrfen.<\/p>\n<p>Falls wir Sie um Ihre Einwilligung gebeten und Sie diese erteilt haben, ist die Rechtsgrundlage f\u00fcr die Verarbeitung Art. 6 Abs. 1 lit. a DS-GVO. Falls wir Sie nicht um Ihre Einwilligung gebeten haben, ist die Rechtsgrundlage f\u00fcr die Verarbeitung Art. 6 Abs. 1 lit. f DS-GVO. Unser berechtigtes Interesse ist dabei die ordnungsgem\u00e4\u00dfe Durchf\u00fchrung des Bewerbungsverfahrens und ggf. die Abwehr von Anspr\u00fcchen aufgrund der Ablehnung einer Bewerbung. Falls die Verarbeitung zur Entscheidung \u00fcber die Begr\u00fcndung eines Besch\u00e4ftigungsverh\u00e4ltnisses erforderlich ist, ist die Rechtsgrundlage f\u00fcr die Verarbeitung zudem \u00a7 26 Abs. 1 S. 1 BDSG.<\/p>\n<h3><strong>Captchas<\/strong><\/h3>\n<p>Wir verwenden Captchas, um unser Online-Angebot vor missbr\u00e4uchlichen, maschinellen und\/oder automatisierten Eingaben (beispielsweise in Formularen) zu sch\u00fctzen und einen etwaigen Missbrauch zu vermeiden.<\/p>\n<p>Falls wir Sie um Ihre Einwilligung gebeten und Sie diese erteilt haben, ist die Rechtsgrundlage f\u00fcr die Verarbeitung Art. 6 Abs. 1 lit. a DS-GVO. Falls wir Sie nicht um Ihre Einwilligung gebeten haben, ist die Rechtsgrundlage f\u00fcr die Verarbeitung Art. 6 Abs. 1 lit. f DS-GVO. Unser berechtigtes Interesse ist dabei der Schutz unseres Online-Angebots und die Vermeidung eines Missbrauchs.<\/p>\n<p>Zur Bereitstellung der Captchas setzen wir externe Dienste ein. Dabei kann es auch zum Profiling kommen. Das Profiling kann auch dienst- und ger\u00e4te\u00fcbergreifend erfolgen. Weitere Informationen zu den eingesetzten Diensten, zum Umfang der Datenverarbeitung und zu den Technologien und Verfahren beim Einsatz der jeweiligen Dienste sowie dazu, ob beim Einsatz der jeweiligen Dienste Profiling stattfindet, und ggf. Informationen \u00fcber die involvierte Logik sowie die Tragweite und die angestrebten Auswirkungen einer derartigen Verarbeitung f\u00fcr Sie finden Sie in den weiterf\u00fchrenden Informationen \u00fcber die von uns eingesetzten Dienste am Ende dieser Passage und unter den dort bereitgestellten Links.<\/p>\n<p>\u00a0<\/p>\n<p><\/p>\t\t\t\t\t\t\t\t<\/div>\n\t\t\t\t<\/div>\n\t\t\t\t\t<\/div>\n\t\t\t\t<\/div>\n\t\t\t\t<\/div>\n\t\t","protected":false},"excerpt":{"rendered":"<p>Datenschutz Nachfolgend informieren wir Sie \u00fcber die Verarbeitung Ihrer personenbezogenen Daten im Rahmen der Nutzung unseres Online-Angebots. Verantwortlicher Deutscher Rollsport und Inline-Verband e.V.Otto-Fleck-Schneise 10a60528 Frankfurt am MainTel. 069-977 617 37Fax 069-977 617 38Mail: info@driv.de \u00a0 Ansprechpartner f\u00fcr den Datenschutz Ansprechpartner f\u00fcr den Datenschutz Bei Fragen zum Datenschutz wenden Sie sich bitte an: Herr Christian Volkmer [&hellip;]<\/p>\n","protected":false},"author":1,"featured_media":0,"parent":0,"menu_order":0,"comment_status":"closed","ping_status":"closed","template":"elementor_header_footer","meta":{"site-sidebar-layout":"no-sidebar","site-content-layout":"","ast-site-content-layout":"full-width-container","site-content-style":"default","site-sidebar-style":"default","ast-global-header-display":"","ast-banner-title-visibility":"","ast-main-header-display":"","ast-hfb-above-header-display":"","ast-hfb-below-header-display":"","ast-hfb-mobile-header-display":"","site-post-title":"disabled","ast-breadcrumbs-content":"","ast-featured-img":"disabled","footer-sml-layout":"","theme-transparent-header-meta":"","adv-header-id-meta":"","stick-header-meta":"","header-above-stick-meta":"","header-main-stick-meta":"","header-below-stick-meta":"","astra-migrate-meta-layouts":"default","ast-page-background-enabled":"default","ast-page-background-meta":{"desktop":{"background-color":"var(--ast-global-color-4)","background-image":"","background-repeat":"repeat","background-position":"center center","background-size":"auto","background-attachment":"scroll","background-type":"","background-media":"","overlay-type":"","overlay-color":"","overlay-opacity":"","overlay-gradient":""},"tablet":{"background-color":"","background-image":"","background-repeat":"repeat","background-position":"center center","background-size":"auto","background-attachment":"scroll","background-type":"","background-media":"","overlay-type":"","overlay-color":"","overlay-opacity":"","overlay-gradient":""},"mobile":{"background-color":"","background-image":"","background-repeat":"repeat","background-position":"center center","background-size":"auto","background-attachment":"scroll","background-type":"","background-media":"","overlay-type":"","overlay-color":"","overlay-opacity":"","overlay-gradient":""}},"ast-content-background-meta":{"desktop":{"background-color":"var(--ast-global-color-5)","background-image":"","background-repeat":"repeat","background-position":"center center","background-size":"auto","background-attachment":"scroll","background-type":"","background-media":"","overlay-type":"","overlay-color":"","overlay-opacity":"","overlay-gradient":""},"tablet":{"background-color":"var(--ast-global-color-5)","background-image":"","background-repeat":"repeat","background-position":"center center","background-size":"auto","background-attachment":"scroll","background-type":"","background-media":"","overlay-type":"","overlay-color":"","overlay-opacity":"","overlay-gradient":""},"mobile":{"background-color":"var(--ast-global-color-5)","background-image":"","background-repeat":"repeat","background-position":"center center","background-size":"auto","background-attachment":"scroll","background-type":"","background-media":"","overlay-type":"","overlay-color":"","overlay-opacity":"","overlay-gradient":""}},"footnotes":""},"class_list":["post-1419","page","type-page","status-publish","hentry"],"_links":{"self":[{"href":"https:\/\/rollsportjugend.de\/www\/wordpress\/wp-json\/wp\/v2\/pages\/1419","targetHints":{"allow":["GET"]}}],"collection":[{"href":"https:\/\/rollsportjugend.de\/www\/wordpress\/wp-json\/wp\/v2\/pages"}],"about":[{"href":"https:\/\/rollsportjugend.de\/www\/wordpress\/wp-json\/wp\/v2\/types\/page"}],"author":[{"embeddable":true,"href":"https:\/\/rollsportjugend.de\/www\/wordpress\/wp-json\/wp\/v2\/users\/1"}],"replies":[{"embeddable":true,"href":"https:\/\/rollsportjugend.de\/www\/wordpress\/wp-json\/wp\/v2\/comments?post=1419"}],"version-history":[{"count":8,"href":"https:\/\/rollsportjugend.de\/www\/wordpress\/wp-json\/wp\/v2\/pages\/1419\/revisions"}],"predecessor-version":[{"id":1433,"href":"https:\/\/rollsportjugend.de\/www\/wordpress\/wp-json\/wp\/v2\/pages\/1419\/revisions\/1433"}],"wp:attachment":[{"href":"https:\/\/rollsportjugend.de\/www\/wordpress\/wp-json\/wp\/v2\/media?parent=1419"}],"curies":[{"name":"wp","href":"https:\/\/api.w.org\/{rel}","templated":true}]}}